{"id":4919,"date":"2024-10-11T18:05:45","date_gmt":"2024-10-11T17:05:45","guid":{"rendered":"https:\/\/mecatron.rma.ac.be\/?page_id=4919"},"modified":"2024-10-11T18:14:18","modified_gmt":"2024-10-11T17:14:18","slug":"timothee-freville","status":"publish","type":"page","link":"https:\/\/mecatron.rma.ac.be\/index.php\/people\/timothee-freville\/","title":{"rendered":"Timoth\u00e9e Fr\u00e9ville"},"content":{"rendered":"<p><section class=\"kc-elm kc-css-742935 kc_row\"><div class=\"kc-row-container  kc-container\"><div class=\"kc-wrap-columns\"><div class=\"kc-elm kc-css-536493 kc_col-sm-12 kc_column kc_col-sm-12\"><div class=\"kc-col-container\"><div class=\"kc-elm kc-css-628759\" style=\"height: 20px; clear: both; width:100%;\"><\/div><\/div><\/div><\/div><\/div><\/section><section class=\"kc-elm kc-css-641434 kc_row\"><div class=\"kc-row-container  kc-container\"><div class=\"kc-wrap-columns\"><div class=\"kc-elm kc-css-448404 kc_col-sm-4 kc_column kc_col-sm-4\"><div class=\"kc-col-container\"><div class=\"kc-elm kc-css-949610 kc_shortcode kc_single_image\">\n\n        <img decoding=\"async\" src=\"https:\/\/mecatron.rma.ac.be\/wp-content\/uploads\/2024\/10\/Timothee-Freville.png\" class=\"\" alt=\"\" \/>    <\/div>\n<div class=\"kc-elm kc-css-486837 kc_text_block\"><\/p>\n<h4><span style=\"color: inherit; font-size: 1.25em; font-style: inherit;\">Researcher<\/span><\/h4>\n<p>Robotics &#038; Autonomous Systems,<br \/>Royal Military Academy<\/p>\n<h4>Address<\/h4>\n<p>Avenue De La Renaissance 30, 1000 Brussels, Belgium<\/p>\n<h4>Contact Information<\/h4>\n<p><strong>Call<\/strong>: &#8211;<\/p>\n<p><strong>Email<\/strong>: <a href=\"mailto:Timothee.Freville@mil.be\" target=\"_blank\" rel=\"noopener\">Timothee.Freville@mil.be<\/a><\/p>\n<p>\n<\/div><\/div><\/div><div class=\"kc-elm kc-css-843194 kc_col-sm-7 kc_column kc_col-sm-7\"><div class=\"kc-col-container\"><div class=\"kc-elm kc-css-277308 kc_text_block\"><\/p>\n<p>Timoth\u00e9e is a research engineer working in the Departments of Mathematics and Mechanics of the Royal Military Academy.<br \/>His research focuses on developing Robotic swarm solutions for search and rescue purpose.<\/p>\n<p>He graduated with a Master of Science in Robotics in 2020 at <a href=\"https:\/\/www.hw.ac.uk\/\">Heriot Watt University<\/a>, UK and an Engineering degree in Mechatronics from <a href=\"https:\/\/www.esme.fr\/\">ESME Sudria, France<\/a>. His <a href=\"https:\/\/github.com\/Tim-HW\/HW-BlueRov2-Sonar-based-SLAM\">thesis<\/a> focuses on developing a SLAM algorithm for an underwater robot using, sonar, IMU and DVL.<\/p>\n<p>In 2021, Timoth\u00e9e joined the Belgian Royal Military Academy to contribute to the <a href=\"https:\/\/xrlab.rma.ac.be\/virtual-reality\/\">Virtual Reality Project<\/a>. During this role, he had to design VR simulations for firefighters and defense personnel. His contributions to this project were diverse: converting airsoft weapons to make them compatible with the simulation, designing a connected fire hose in 3D and creating an algorithm to allow trainers to transform any architect&#039;s plan into a 3D environment using computer vision tools.<\/p>\n<p>In 2023, Timoth\u00e9e joined Mechanical department to contribute to the <a href=\"https:\/\/mecatron.rma.ac.be\/index.php\/projects\/dream\/\">DREAM project<\/a> responsible for developing a new concept of semi-autonomous assisted teleoperation.<\/p>\n<p>\n<\/div><\/div><\/div><div class=\"kc-elm kc-css-72470 kc_col-sm-1 kc_column kc_col-sm-1\"><div class=\"kc-col-container\"><div class=\"kc-elm kc-css-240207 kc-raw-code\"><script src=\"https:\/\/kit.fontawesome.com\/5feed4ac07.js\" crossorigin=\"anonymous\"><\/script>\r\n<link rel=\"stylesheet\" href=\"https:\/\/cdn.rawgit.com\/jpswalsh\/academicons\/master\/css\/academicons.min.css\">\r\n<span style=\"font-size: 36px; color: Dodgerblue;\">\r\n<center>\r\n<a href=\"mailto:Timothee.Freville@mil.be\"> <i class=\"fas fa-envelope fas-3x\"><\/i><\/a><br><br>\r\n<a href=\"\"> <i class=\"fab fa-skype fab-3x\"><\/i><\/a><br><br>\r\n<a href=\"\"> <i class=\"fab fa-twitter\"><\/i><\/a><br><br>\r\n<a href=\"https:\/\/www.linkedin.com\/in\/timothee-freville\/\"> <i class=\"fab fa-linkedin\"><\/i><\/a><br><br>\r\n<a href=\"\"> <i class=\"ai ai-cv-square ai\"><\/i><\/a><br><br>\r\n<\/center>\r\n<\/span>\r\n<span style=\"font-size: 36px; color: Dodgerblue;\">\r\n<center>\r\n<a href=\"https:\/\/scholar.google.be\/citations?user=jhL-WEwAAAAJ&amp;hl=fr&amp;oi=ao\"><i class=\"ai ai-google-scholar-square ai\"><\/i><\/a><br><br>\r\n<a href=\"https:\/\/www.researchgate.net\/profile\/Timothee-Freville-2\"><i class=\"fab fa-researchgate\"><\/i><\/a><br><br>\r\n<a href=\"\"><i class=\"fab fa-mendeley\"><\/i><\/a><br><br>\r\n<a href=\"\"><i class=\"ai ai-researcherid-square ai\"><\/i><\/a><br><br>\r\n<a href=\"\"><i class=\"ai ai-orcid-square ai\"><\/i><\/a>\r\n<\/center>\r\n<\/span><\/div><\/div><\/div><\/div><\/div><\/section><section class=\"kc-elm kc-css-940428 kc_row\"><div class=\"kc-row-container  kc-container\"><div class=\"kc-wrap-columns\"><div class=\"kc-elm kc-css-504161 kc_col-sm-12 kc_column kc_col-sm-12\"><div class=\"kc-col-container\"><div class=\"kc-elm kc-css-180774\" style=\"height: 20px; clear: both; width:100%;\"><\/div><\/div><\/div><\/div><\/div><\/section><section class=\"kc-elm kc-css-284583 kc_row\"><div class=\"kc-row-container  kc-container\"><div class=\"kc-wrap-columns\"><div class=\"kc-elm kc-css-694799 kc_col-sm-12 kc_column kc_col-sm-12\"><div class=\"kc-col-container\">\n<div class=\"kc-elm kc-css-958278 kc-title-wrap \">\n\n\t<h2 class=\"kc_title\">Publications<\/h2>\n<\/div>\n<div class=\"kc-elm kc-css-891527 kc_text_block\"><\/p>\n<p><span style=\"font-style: inherit;\"><\/p>\n<h3 class=\"papercite\">2025<\/h3>\n<ul class=\"papercite_bibliography\">\n<li>    A. Miuccio, T. Fr\u00e9ville, E. Le Fl\u00e9cher, and C. Hamesse, <span style=\"font-style: italic\">Autonomous Mobile Manipulation for Safe and Efficient Landmine Disposal<\/span>CEIA Humanitarian Clearance Teamwork, 2025.    <br \/>   <a href=\"javascript:void(0)\" id=\"papercite_0\" class=\"papercite_toggle\">[BibTeX]<\/a>      <a href=\"javascript:void(0)\" id=\"papercite_abstract_0\" class=\"papercite_toggle\">[Abstract]<\/a>         <a href=\"https:\/\/www.ctro.hr\/userfiles\/files\/BROSURA%20CTRO%20MINE%20ACTION_2025_za%20web.pdf#page=25\" title='Download PDF' class='papercite_pdf'>[Download PDF]<\/a><br \/>\n<blockquote class=\"papercite_bibtex\" id=\"papercite_abstract_0_block\">\n<p>Autonomous mobile manipulation for safe and efficient landmine disposal<\/p>\n<\/blockquote>\n<div class=\"papercite_bibtex\" id=\"papercite_0_block\">\n<pre><code class=\"tex bibtex\">@misc{miuccio_autonomous_2025,\ntitle = {Autonomous {Mobile} {Manipulation} for {Safe} and {Efficient} {Landmine} {Disposal}},\nurl = {https:\/\/www.ctro.hr\/userfiles\/files\/BROSURA%20CTRO%20MINE%20ACTION_2025_za%20web.pdf#page=25},\nabstract = {Autonomous mobile manipulation for safe and efficient landmine disposal},\nlanguage = {EN},\npublisher = {CEIA Humanitarian Clearance Teamwork},\nauthor = {Miuccio, Alessandra and Fr\u00e9ville, Timoth\u00e9e and Le Fl\u00e9cher, Emile and Hamesse, Charles},\nyear = {2025},\nunit= {meca-ras},\nproject= {DREAM}\n}<\/code><\/pre>\n<\/p>\n<\/div>\n<\/li>\n<\/ul>\n<h3 class=\"papercite\">2023<\/h3>\n<ul class=\"papercite_bibliography\">\n<li>    Timoth\u00e9e Fr\u00e9ville, C. Hamesse., B. Pairet., and R. Haelterman., &#8220;Object Detection in Floor Plans for Automated VR Environment Generation,\" in <span style=\"font-style: italic\">Proceedings of the 18th International Joint Conference on Computer Vision, Imaging and Computer Graphics Theory and Applications (VISIGRAPP 2023) &#8211; Volume 5: VISAPP<\/span>,  2023, pp. 480-486.    <br \/>   <a href=\"javascript:void(0)\" id=\"papercite_4\" class=\"papercite_toggle\">[BibTeX]<\/a>            <a href='http:\/\/dx.doi.org\/10.5220\/0011629300003417' class='papercite_doi' title='View on publisher site'>[DOI]<\/a>\n<div class=\"papercite_bibtex\" id=\"papercite_4_block\">\n<pre><code class=\"tex bibtex\">@conference{visapp23,\nauthor={Timoth\u00e9e Fr\u00e9ville, and Charles Hamesse. and B\u00eanoit Pairet. and Rob Haelterman.},\ntitle={Object Detection in Floor Plans for Automated VR Environment Generation},\nbooktitle={Proceedings of the 18th International Joint Conference on Computer Vision, Imaging and Computer Graphics Theory and Applications (VISIGRAPP 2023) - Volume 5: VISAPP},\nyear={2023},\npages={480-486},\npublisher={SciTePress},\norganization={INSTICC},\ndoi={10.5220\/0011629300003417},\nisbn={978-989-758-634-7},\nissn={2184-4321},\n}<\/code><\/pre>\n<\/p>\n<\/div>\n<\/li>\n<li>    T. Fr\u00e9ville, C. Hamesse, B. Pairet, and R. Haelterman, &#8220;AI to generate VR worlds from floorplans,\" in <span style=\"font-style: italic\">Defence Training Technology Exhibition and Technical Conference (IT\u00b2EC)<\/span>,  2023.    <br \/>   <a href=\"javascript:void(0)\" id=\"papercite_5\" class=\"papercite_toggle\">[BibTeX]<\/a>\n<div class=\"papercite_bibtex\" id=\"papercite_5_block\">\n<pre><code class=\"tex bibtex\">@inproceedings{IT\u00b2EC2023a,\nauthor = {Fr\u00e9ville, Timoth\u00e9e and Hamesse, Charles and Pairet, Benoit and Haelterman, Rob},\nyear = {2023},\nmonth = {04},\npages = {},\ntitle = {AI to generate VR worlds from floorplans},\nbooktitle={Defence Training Technology Exhibition and Technical Conference (IT\u00b2EC)},\n}<\/code><\/pre>\n<\/p>\n<\/div>\n<\/li>\n<li>    B. Pairet, C. Hamesse, T. Fr\u00e9ville, and H. Rob, &#8220;From maps to 3D environments, automatically,\" in <span style=\"font-style: italic\">Defence Training Technology Exhibition and Technical Conference (IT\u00b2EC)<\/span>,  2023.    <br \/>   <a href=\"javascript:void(0)\" id=\"papercite_6\" class=\"papercite_toggle\">[BibTeX]<\/a>\n<div class=\"papercite_bibtex\" id=\"papercite_6_block\">\n<pre><code class=\"tex bibtex\">@inproceedings{IT\u00b2EC2023b,\nauthor = {Pairet, Benoit and Hamesse, Charles and Fr\u00e9ville, Timoth\u00e9e and Haelterman Rob},\nyear = {2023},\nmonth = {04},\npages = {},\nbooktitle={Defence Training Technology Exhibition and Technical Conference (IT\u00b2EC)},\ntitle = {From maps to 3D environments, automatically}\n}<\/code><\/pre>\n<\/p>\n<\/div>\n<\/li>\n<li>    C. Hamesse, T. Fr\u00e9ville, B. Pairet, and R. Haelterman, &#8220;Towards Dense 3D Mapping with Portable Systems,\" in <span style=\"font-style: italic\">Defence Training Technology Exhibition and Technical Conference (IT\u00b2EC)<\/span>,  2023.    <br \/>   <a href=\"javascript:void(0)\" id=\"papercite_7\" class=\"papercite_toggle\">[BibTeX]<\/a>\n<div class=\"papercite_bibtex\" id=\"papercite_7_block\">\n<pre><code class=\"tex bibtex\">@inproceedings{IT\u00b2EC2023c,\nauthor = {Hamesse, Charles and Fr\u00e9ville, Timoth\u00e9e and Pairet, Benoit and Haelterman, Rob},\nyear = {2023},\nmonth = {04},\npages = {},\nbooktitle={Defence Training Technology Exhibition and Technical Conference (IT\u00b2EC)},\ntitle = {Towards Dense 3D Mapping with Portable Systems}\n}<\/code><\/pre>\n<\/p>\n<\/div>\n<\/li>\n<\/ul>\n<h3 class=\"papercite\">2022<\/h3>\n<ul class=\"papercite_bibliography\">\n<li>    R. Lahouli., G. De Cubber, B. Pairet., C. Hamesse., T. Fr\u00e9ville., and R. Haelterman., &#8220;Deep Learning based Object Detection and Tracking for Maritime Situational Awareness,\" in <span style=\"font-style: italic\">Proceedings of the 17th International Joint Conference on Computer Vision, Imaging and Computer Graphics Theory and Applications (VISIGRAPP 2022) &#8211; Volume 4: VISAPP<\/span>,  2022, pp. 643-650.    <br \/>   <a href=\"javascript:void(0)\" id=\"papercite_3\" class=\"papercite_toggle\">[BibTeX]<\/a>            <a href='http:\/\/dx.doi.org\/10.5220\/0010901000003124' class='papercite_doi' title='View on publisher site'>[DOI]<\/a>\n<div class=\"papercite_bibtex\" id=\"papercite_3_block\">\n<pre><code class=\"tex bibtex\">@conference{visapp22,\nauthor={Rihab Lahouli. and Geert {De Cubber}. and Beno\u00eet Pairet. and Charles Hamesse. and Timoth\u00e9e Fr\u00e9ville. and Rob Haelterman.},\ntitle={Deep Learning based Object Detection and Tracking for Maritime Situational Awareness},\nbooktitle={Proceedings of the 17th International Joint Conference on Computer Vision, Imaging and Computer Graphics Theory and Applications (VISIGRAPP 2022) - Volume 4: VISAPP},\nyear={2022},\npages={643-650},\npublisher={SciTePress},\norganization={INSTICC},\ndoi={10.5220\/0010901000003124},\nisbn={978-989-758-555-5},\nissn={2184-4321},\n}<\/code><\/pre>\n<\/p>\n<\/div>\n<\/li>\n<\/ul>\n<h3 class=\"papercite\">2021<\/h3>\n<ul class=\"papercite_bibliography\">\n<li>    Hamesse Charles, Pairet Beno\u00eet, Lahouli Rihab, Fr\u00e9ville Timoth\u00e9e, and H. Rob, &#8220;Simulation of Pan-Tilt-Zoom Tracking for Augmented Reality Air Traffic Control,\" in <span style=\"font-style: italic\">2021 International Conference on 3D Immersion (IC3D)<\/span>,  2021, pp. 1-5.    <br \/>   <a href=\"javascript:void(0)\" id=\"papercite_2\" class=\"papercite_toggle\">[BibTeX]<\/a>            <a href='http:\/\/dx.doi.org\/10.1109\/IC3D53758.2021.9687257' class='papercite_doi' title='View on publisher site'>[DOI]<\/a>\n<div class=\"papercite_bibtex\" id=\"papercite_2_block\">\n<pre><code class=\"tex bibtex\">@INPROCEEDINGS{9687257,\nauthor={Hamesse Charles, and Pairet Beno\u00eet, and Lahouli Rihab, and Fr\u00e9ville Timoth\u00e9e, and Haelterman Rob},\nbooktitle={2021 International Conference on 3D Immersion (IC3D)},\ntitle={Simulation of Pan-Tilt-Zoom Tracking for Augmented Reality Air Traffic Control},\nyear={2021},\nvolume={},\nnumber={},\npages={1-5},\nkeywords={Headphones;Visualization;Solid modeling;Three-dimensional displays;Atmospheric modeling;Cameras;Air traffic control;Augmented Reality;Air Traffic Control;Pan Tilt Zoom;Visual Tracker;Aircraft},\ndoi={10.1109\/IC3D53758.2021.9687257}\n}<\/code><\/pre>\n<\/p>\n<\/div>\n<\/li>\n<\/ul>\n<h3 class=\"papercite\">2020<\/h3>\n<ul class=\"papercite_bibliography\">\n<li>    M. Bellemans, D. Lamrnens, J. De Sloover, T. De Vleeschauwer, E. Schoofs, W. Jordens, B. Van Steenhuyse, J. Mangelschots, S. Selleri, C. Hamesse, T. Fr\u00e9ville, and R. Haeltermani, &#8220;Training Firefighters in Virtual Reality,\" in <span style=\"font-style: italic\">2020 International Conference on 3D Immersion (IC3D)<\/span>,  2020, pp. 1-6.    <br \/>   <a href=\"javascript:void(0)\" id=\"papercite_1\" class=\"papercite_toggle\">[BibTeX]<\/a>            <a href='http:\/\/dx.doi.org\/10.1109\/IC3D51119.2020.9376336' class='papercite_doi' title='View on publisher site'>[DOI]<\/a>\n<div class=\"papercite_bibtex\" id=\"papercite_1_block\">\n<pre><code class=\"tex bibtex\">@INPROCEEDINGS{9376336,\nauthor={Bellemans, M. and Lamrnens, D. and De Sloover, J. and De Vleeschauwer, T. and Schoofs, E. and Jordens, W. and Van Steenhuyse, B. and Mangelschots, J. and Selleri, S. and Hamesse, C. and Fr\u00e9ville, T. and Haeltermani, R.},\nbooktitle={2020 International Conference on 3D Immersion (IC3D)},\ntitle={Training Firefighters in Virtual Reality},\nyear={2020},\nvolume={},\nnumber={},\npages={01-06},\nkeywords={Training;Industries;Technological innovation;Three-dimensional displays;Collaboration;Virtual reality;Virtual Reality;Firefighting;Innovation},\ndoi={10.1109\/IC3D51119.2020.9376336}}<\/code><\/pre>\n<\/p>\n<\/div>\n<\/li>\n<\/ul>\n<p><\/span><\/p>\n<p>\n<\/div><\/div><\/div><\/div><\/div><\/section><section class=\"kc-elm kc-css-809747 kc_row\"><div class=\"kc-row-container  kc-container\"><div class=\"kc-wrap-columns\"><div class=\"kc-elm kc-css-61437 kc_col-sm-12 kc_column kc_col-sm-12\"><div class=\"kc-col-container\"><div class=\"kc-elm kc-css-69279\" style=\"height: 20px; clear: both; width:100%;\"><\/div><\/div><\/div><\/div><\/div><\/section><\/p>\n","protected":false},"excerpt":{"rendered":"","protected":false},"author":1,"featured_media":250,"parent":3120,"menu_order":0,"comment_status":"closed","ping_status":"closed","template":"","meta":{"footnotes":""},"class_list":["post-4919","page","type-page","status-publish","has-post-thumbnail","hentry"],"_links":{"self":[{"href":"https:\/\/mecatron.rma.ac.be\/index.php\/wp-json\/wp\/v2\/pages\/4919","targetHints":{"allow":["GET"]}}],"collection":[{"href":"https:\/\/mecatron.rma.ac.be\/index.php\/wp-json\/wp\/v2\/pages"}],"about":[{"href":"https:\/\/mecatron.rma.ac.be\/index.php\/wp-json\/wp\/v2\/types\/page"}],"author":[{"embeddable":true,"href":"https:\/\/mecatron.rma.ac.be\/index.php\/wp-json\/wp\/v2\/users\/1"}],"replies":[{"embeddable":true,"href":"https:\/\/mecatron.rma.ac.be\/index.php\/wp-json\/wp\/v2\/comments?post=4919"}],"version-history":[{"count":4,"href":"https:\/\/mecatron.rma.ac.be\/index.php\/wp-json\/wp\/v2\/pages\/4919\/revisions"}],"predecessor-version":[{"id":4924,"href":"https:\/\/mecatron.rma.ac.be\/index.php\/wp-json\/wp\/v2\/pages\/4919\/revisions\/4924"}],"up":[{"embeddable":true,"href":"https:\/\/mecatron.rma.ac.be\/index.php\/wp-json\/wp\/v2\/pages\/3120"}],"wp:featuredmedia":[{"embeddable":true,"href":"https:\/\/mecatron.rma.ac.be\/index.php\/wp-json\/wp\/v2\/media\/250"}],"wp:attachment":[{"href":"https:\/\/mecatron.rma.ac.be\/index.php\/wp-json\/wp\/v2\/media?parent=4919"}],"curies":[{"name":"wp","href":"https:\/\/api.w.org\/{rel}","templated":true}]}}